{"id":705,"date":"2020-04-05T10:46:12","date_gmt":"2020-04-05T08:46:12","guid":{"rendered":"http:\/\/grando-fineart.de\/?page_id=705"},"modified":"2026-04-15T16:16:43","modified_gmt":"2026-04-15T14:16:43","slug":"richard-grando","status":"publish","type":"page","link":"https:\/\/richardgrando.com\/en\/richard-grando\/","title":{"rendered":"Der K\u00fcnstler"},"content":{"rendered":"<div class=\"wp-block-columns alignwide is-style-default has-medium-font-size is-layout-flex wp-container-core-columns-is-layout-1 wp-block-columns-is-layout-flex\">\n<div class=\"wp-block-column is-layout-flow wp-block-column-is-layout-flow\">\n<h1 class=\"wp-block-heading has-x-large-font-size\"><strong>\"In my art, I explore the aesthetics of the everyday and the themes that move life itself.\"<\/strong><\/h1>\n\n\n\n<p class=\"has-medium-font-size\">Richard Grando Artist &amp; Photographer<\/p>\n\n\n\n<p class=\"has-medium-font-size\">Richard Grando is an artist based in Lower Bavaria who, alongside painting, focuses primarily on photography. In his work, he translates fleeting observations and thoughts into tangible objects.<\/p>\n\n\n\n<p class=\"has-medium-font-size\">In his practice, Richard uses photography as a tool to capture the intensity of the present moment. He is guided by a particular fascination with the interplay of light and texture, through which he explores universal themes of human existence\u2014from the joy of parenthood to the stillness of grief and impermanence. For him, it is less about pure documentation and more about capturing an inner resonance.<\/p>\n\n\n\n<p class=\"has-medium-font-size\">Richard lives with his wife and two children in Ortenburg. The stability of his rural home and his conscious awareness of the present have sensitized him to the magic of the everyday. His works can be found in private collections as well as corporate spaces and are available for purchase upon request. <a href=\"https:\/\/richardgrando.com\/en\/kontakt\/\">Contact<\/a><\/p>\n<\/div>\n\n\n\n<div class=\"wp-block-column is-layout-flow wp-block-column-is-layout-flow\">\n<figure class=\"wp-block-image aligncenter size-full is-resized is-style-rounded\"><img loading=\"lazy\" decoding=\"async\" width=\"2560\" height=\"1707\" src=\"https:\/\/richardgrando.com\/wp-content\/uploads\/2019\/09\/grando-richard-kuenstler-kunst-art-portrait.jpeg\" alt=\"Richard Grando Fotograf\" class=\"wp-image-2104\" style=\"width:464px;height:auto\" srcset=\"https:\/\/richardgrando.com\/wp-content\/uploads\/2019\/09\/grando-richard-kuenstler-kunst-art-portrait.jpeg 2560w, https:\/\/richardgrando.com\/wp-content\/uploads\/2019\/09\/grando-richard-kuenstler-kunst-art-portrait-400x267.jpeg 400w, https:\/\/richardgrando.com\/wp-content\/uploads\/2019\/09\/grando-richard-kuenstler-kunst-art-portrait-1000x667.jpeg 1000w, https:\/\/richardgrando.com\/wp-content\/uploads\/2019\/09\/B4AC1125-A934-47DE-989E-3B2CE740BBAB-300x200.jpeg 300w, https:\/\/richardgrando.com\/wp-content\/uploads\/2019\/09\/B4AC1125-A934-47DE-989E-3B2CE740BBAB-768x512.jpeg 768w, https:\/\/richardgrando.com\/wp-content\/uploads\/2019\/09\/B4AC1125-A934-47DE-989E-3B2CE740BBAB-1024x683.jpeg 1024w\" sizes=\"auto, (max-width: 2560px) 100vw, 2560px\" \/><\/figure>\n<\/div>\n<\/div>\n\n\n\n<p><\/p>","protected":false},"excerpt":{"rendered":"<p>&#8222;In meiner Kunst erforsche ich die \u00c4sthetik des Allt\u00e4glichen und die Themen die das Leben bewegen &#8222; Richard Grando K\u00fcnstler &amp; Fotograf Richard Grando ist ein in Niederbayern lebender K\u00fcnstler, der sich neben der Malerei haupts\u00e4chlich der Fotografie widmet. In seinem Schaffen \u00fcbersetzt er fl\u00fcchtige Beobachtungen und Gedanken in greifbare Objekte. Richard nutzt in seinen [&hellip;]<\/p>","protected":false},"author":6,"featured_media":0,"parent":0,"menu_order":0,"comment_status":"closed","ping_status":"closed","template":"page-no-title","meta":{"_vp_format_video_url":"","_vp_image_focal_point":[],"footnotes":""},"class_list":["post-705","page","type-page","status-publish","hentry"],"_links":{"self":[{"href":"https:\/\/richardgrando.com\/en\/wp-json\/wp\/v2\/pages\/705","targetHints":{"allow":["GET"]}}],"collection":[{"href":"https:\/\/richardgrando.com\/en\/wp-json\/wp\/v2\/pages"}],"about":[{"href":"https:\/\/richardgrando.com\/en\/wp-json\/wp\/v2\/types\/page"}],"author":[{"embeddable":true,"href":"https:\/\/richardgrando.com\/en\/wp-json\/wp\/v2\/users\/6"}],"replies":[{"embeddable":true,"href":"https:\/\/richardgrando.com\/en\/wp-json\/wp\/v2\/comments?post=705"}],"version-history":[{"count":16,"href":"https:\/\/richardgrando.com\/en\/wp-json\/wp\/v2\/pages\/705\/revisions"}],"predecessor-version":[{"id":7512,"href":"https:\/\/richardgrando.com\/en\/wp-json\/wp\/v2\/pages\/705\/revisions\/7512"}],"wp:attachment":[{"href":"https:\/\/richardgrando.com\/en\/wp-json\/wp\/v2\/media?parent=705"}],"curies":[{"name":"wp","href":"https:\/\/api.w.org\/{rel}","templated":true}]}}